{"id":1962,"date":"2022-10-24T13:47:29","date_gmt":"2022-10-24T13:47:29","guid":{"rendered":"https:\/\/theme.madsparrow.me\/most\/?page_id=1962"},"modified":"2026-03-12T14:40:32","modified_gmt":"2026-03-12T14:40:32","slug":"about-us","status":"publish","type":"page","link":"https:\/\/villacreativa.com\/?page_id=1962","title":{"rendered":"o nas"},"content":{"rendered":"\t\t<div data-elementor-type=\"wp-page\" data-elementor-id=\"1962\" class=\"elementor elementor-1962\">\n\t\t\t\t\t\t<section class=\"elementor-section elementor-top-section elementor-element elementor-element-5de3a1d elementor-section-boxed elementor-section-height-default elementor-section-height-default\" data-id=\"5de3a1d\" data-element_type=\"section\" data-e-type=\"section\" data-settings=\"{&quot;background_background&quot;:&quot;classic&quot;}\">\n\t\t\t\t\t\t<div class=\"elementor-container elementor-column-gap-default\">\n\t\t\t\t\t<div class=\"elementor-column elementor-col-100 elementor-top-column elementor-element elementor-element-9557d6e\" data-id=\"9557d6e\" data-element_type=\"column\" data-e-type=\"column\">\n\t\t\t<div class=\"elementor-widget-wrap elementor-element-populated\">\n\t\t\t\t\t\t<div class=\"elementor-element elementor-element-c49a658 elementor-widget__width-initial elementor-widget-tablet__width-initial elementor-widget-mobile__width-initial elementor-widget elementor-widget-text-editor\" data-id=\"c49a658\" data-element_type=\"widget\" data-e-type=\"widget\" data-widget_type=\"text-editor.default\">\n\t\t\t\t\t\t\t\t\t<p>NISMO LE OBLIKOVALSKA AGENCIJA, <br \/>KI USTVARJA VIZUALNO PREPRI\u010cLJIVE ZGODBE,<br \/>AMPAK TAKE, KJER IDEJE ZADI\u0160IJO, <br \/>PREPLAVIJO VSE \u010cUTE IN PRITISNEJO NA RAZUM.<\/p>\t\t\t\t\t\t\t\t<\/div>\n\t\t\t\t<div class=\"elementor-element elementor-element-1a1004b elementor-widget elementor-widget-spacer\" data-id=\"1a1004b\" data-element_type=\"widget\" data-e-type=\"widget\" data-widget_type=\"spacer.default\">\n\t\t\t\t\t\t\t<div class=\"elementor-spacer\">\n\t\t\t<div class=\"elementor-spacer-inner\"><\/div>\n\t\t<\/div>\n\t\t\t\t\t\t<\/div>\n\t\t\t\t\t<\/div>\n\t\t<\/div>\n\t\t\t\t\t<\/div>\n\t\t<\/section>\n\t\t<div class=\"elementor-element elementor-element-1d43141 e-flex e-con-boxed e-con e-parent\" data-id=\"1d43141\" data-element_type=\"container\" data-e-type=\"container\">\n\t\t\t\t\t<div class=\"e-con-inner\">\n\t\t\t\t<div class=\"elementor-element elementor-element-bd020e8 elementor-widget-tablet__width-initial elementor-widget elementor-widget-heading\" data-id=\"bd020e8\" data-element_type=\"widget\" data-e-type=\"widget\" data-widget_type=\"heading.default\">\n\t\t\t\t\t<h2 class=\"elementor-heading-title elementor-size-default\">SMO PROSTOR MED IDEJO IN NJENIM U\u010cINKOM.\n<br>\nUSTVARJAMO TAM, KJER SE SRE\u010cATA RAZMISLEK IN OB\u010cUTEK.\n<br>\nKJER OBLIKOVANJE DOBI RAZLOG IN OGLA\u0160EVANJE OSUPLJIVO TI\u0160INO.\n<br>\nDOBRE STVARI SE NE ZA\u010cNEJO Z VPRA\u0160ANJEM.\n<br>\nZA\u010cNEJO SE TAKRAT, KO JE \u010cAS.\n<br>\n\u010cE SE VAM ZDI, DA NE SODIMO V OKVIRE,\n<br>\nPOTEM SMO PRAVI.\n<br><br>\nPOGOVORIMO SE.<\/h2>\t\t\t\t<\/div>\n\t\t\t\t\t<\/div>\n\t\t\t\t<\/div>\n\t\t\t\t<\/div>\n\t\t","protected":false},"excerpt":{"rendered":"<p>NISMO LE OBLIKOVALSKA AGENCIJA, KI USTVARJA VIZUALNO PREPRI\u010cLJIVE ZGODBE,AMPAK TAKE, KJER IDEJE ZADI\u0160IJO, PREPLAVIJO VSE \u010cUTE IN PRITISNEJO NA RAZUM. SMO PROSTOR MED IDEJO [&hellip;]<\/p>\n","protected":false},"author":1,"featured_media":0,"parent":782,"menu_order":0,"comment_status":"closed","ping_status":"closed","template":"page-custom.php","meta":{"_acf_changed":false,"footnotes":""},"class_list":["post-1962","page","type-page","status-publish","hentry"],"acf":{"full_width":false,"header_transparent":false,"header_white":false},"_links":{"self":[{"href":"https:\/\/villacreativa.com\/index.php?rest_route=\/wp\/v2\/pages\/1962","targetHints":{"allow":["GET"]}}],"collection":[{"href":"https:\/\/villacreativa.com\/index.php?rest_route=\/wp\/v2\/pages"}],"about":[{"href":"https:\/\/villacreativa.com\/index.php?rest_route=\/wp\/v2\/types\/page"}],"author":[{"embeddable":true,"href":"https:\/\/villacreativa.com\/index.php?rest_route=\/wp\/v2\/users\/1"}],"replies":[{"embeddable":true,"href":"https:\/\/villacreativa.com\/index.php?rest_route=%2Fwp%2Fv2%2Fcomments&post=1962"}],"version-history":[{"count":118,"href":"https:\/\/villacreativa.com\/index.php?rest_route=\/wp\/v2\/pages\/1962\/revisions"}],"predecessor-version":[{"id":3998,"href":"https:\/\/villacreativa.com\/index.php?rest_route=\/wp\/v2\/pages\/1962\/revisions\/3998"}],"up":[{"embeddable":true,"href":"https:\/\/villacreativa.com\/index.php?rest_route=\/wp\/v2\/pages\/782"}],"wp:attachment":[{"href":"https:\/\/villacreativa.com\/index.php?rest_route=%2Fwp%2Fv2%2Fmedia&parent=1962"}],"curies":[{"name":"wp","href":"https:\/\/api.w.org\/{rel}","templated":true}]}}