{"id":782,"date":"2022-10-07T13:37:18","date_gmt":"2022-10-07T13:37:18","guid":{"rendered":"https:\/\/theme.madsparrow.me\/most\/?page_id=782"},"modified":"2026-03-10T10:05:14","modified_gmt":"2026-03-10T10:05:14","slug":"full-page-slider","status":"publish","type":"page","link":"https:\/\/villacreativa.com\/","title":{"rendered":"Prva stran"},"content":{"rendered":"\t\t<div data-elementor-type=\"wp-page\" data-elementor-id=\"782\" class=\"elementor elementor-782\">\n\t\t\t\t\t\t<section class=\"elementor-section elementor-top-section elementor-element elementor-element-413590e elementor-section-full_width elementor-section-height-full elementor-section-height-default elementor-section-items-middle\" data-id=\"413590e\" data-element_type=\"section\" data-e-type=\"section\">\n\t\t\t\t\t\t<div class=\"elementor-container elementor-column-gap-no\">\n\t\t\t\t\t<div class=\"elementor-column elementor-col-100 elementor-top-column elementor-element elementor-element-1cc38ab\" data-id=\"1cc38ab\" data-element_type=\"column\" data-e-type=\"column\">\n\t\t\t<div class=\"elementor-widget-wrap elementor-element-populated\">\n\t\t\t\t\t\t<div class=\"elementor-element elementor-element-dc20e9d elementor-widget elementor-widget-ms_slider_fs\" data-id=\"dc20e9d\" data-element_type=\"widget\" data-e-type=\"widget\" data-widget_type=\"ms_slider_fs.default\">\n\t\t\t\t<div class=\"elementor-widget-container\">\n\t\t\t\t\t\r\n        <div class=\"ms-swiper-content\">\r\n            <div class=\"ms-slider\" data-nav=\"bottom\" data-autoplay=\"\" data-centered=\"off\" data-mousewheel=\"on\" data-simulatetouch=\"on\" data-grabcursor=\"on\" data-effect=\"slide\" data-direction=\"horizontal\" data-loop=\"on\" data-spv=\"1\" data-spv-t=\"1\" data-spv-m=\"1\" data-space=\"0\" data-space-t=\"0\" data-space-m=\"0\" data-speed=\"1000\">\r\n                <div class=\"swiper-wrapper\">\r\n                                                                    <div class=\"swiper-slide\">\r\n                                                    <div class=\"slide-inner\" data-swiper-parallax=\"79%\">\r\n                            \r\n                                                                    <div class=\"ms-slider--img\">\r\n                                        <img fetchpriority=\"high\" decoding=\"async\" width=\"2560\" height=\"1396\" src=\"https:\/\/villacreativa.com\/wp-content\/uploads\/2026\/01\/painted-woman-scaled.jpg\" class=\"attachment-full size-full wp-image-3642\" alt=\"\" srcset=\"https:\/\/villacreativa.com\/wp-content\/uploads\/2026\/01\/painted-woman-scaled.jpg 2560w, https:\/\/villacreativa.com\/wp-content\/uploads\/2026\/01\/painted-woman-300x164.jpg 300w, https:\/\/villacreativa.com\/wp-content\/uploads\/2026\/01\/painted-woman-1024x559.jpg 1024w, https:\/\/villacreativa.com\/wp-content\/uploads\/2026\/01\/painted-woman-768x419.jpg 768w, https:\/\/villacreativa.com\/wp-content\/uploads\/2026\/01\/painted-woman-1536x838.jpg 1536w, https:\/\/villacreativa.com\/wp-content\/uploads\/2026\/01\/painted-woman-2048x1117.jpg 2048w, https:\/\/villacreativa.com\/wp-content\/uploads\/2026\/01\/painted-woman-400x218.jpg 400w, https:\/\/villacreativa.com\/wp-content\/uploads\/2026\/01\/painted-woman-1120x611.jpg 1120w\" sizes=\"(max-width: 2560px) 100vw, 2560px\" \/>                                    <\/div>\r\n                                                                \r\n                                \r\n                                                                                                                                            <div class=\"ms-slider--cont\" data-swiper-parallax=\"59%\">\r\n                                            <div class=\"ms-cont__inner\">\r\n\r\n                                                                                                    <h3 class=\"ms-sc--st\">NA\u0160A STRAST<\/h3>\r\n                                                \r\n                                                                                                    <h1 class=\"ms-sc--t\">oblikovanje<\/h1>\r\n                                                                                                \r\n                                                                                                    <p class=\"ms-sc--desc\">KO IDEJA ZADRHTI, SVET NAJPREJ IZGUBI RAVNOTE\u017dJE.\n\n<\/p>\r\n                                                \r\n                                                                                            <\/div>\r\n                                        <\/div>\r\n                                                                                                <\/div>\r\n                        <\/div>\r\n                                                                    <div class=\"swiper-slide\">\r\n                                                    <div class=\"slide-inner\" data-swiper-parallax=\"79%\">\r\n                            \r\n                                                                    <div class=\"ms-slider--img\">\r\n                                        <img decoding=\"async\" width=\"1536\" height=\"1024\" src=\"https:\/\/villacreativa.com\/wp-content\/uploads\/2026\/01\/image-gen-10.png\" class=\"attachment-full size-full wp-image-3656\" alt=\"\" srcset=\"https:\/\/villacreativa.com\/wp-content\/uploads\/2026\/01\/image-gen-10.png 1536w, https:\/\/villacreativa.com\/wp-content\/uploads\/2026\/01\/image-gen-10-300x200.png 300w, https:\/\/villacreativa.com\/wp-content\/uploads\/2026\/01\/image-gen-10-1024x683.png 1024w, https:\/\/villacreativa.com\/wp-content\/uploads\/2026\/01\/image-gen-10-768x512.png 768w, https:\/\/villacreativa.com\/wp-content\/uploads\/2026\/01\/image-gen-10-400x268.png 400w, https:\/\/villacreativa.com\/wp-content\/uploads\/2026\/01\/image-gen-10-1120x747.png 1120w\" sizes=\"(max-width: 1536px) 100vw, 1536px\" \/>                                    <\/div>\r\n                                                                \r\n                                \r\n                                                                                                                                            <div class=\"ms-slider--cont\" data-swiper-parallax=\"59%\">\r\n                                            <div class=\"ms-cont__inner\">\r\n\r\n                                                                                                    <h3 class=\"ms-sc--st\">NA\u0160E POSLANSTVO<\/h3>\r\n                                                \r\n                                                                                                    <h1 class=\"ms-sc--t\">OGLA\u0160EVANJE<\/h1>\r\n                                                                                                \r\n                                                                                                    <p class=\"ms-sc--desc\">NAJBOLJ NEVARNE SO STVARI, KI DELUJEJO.<\/p>\r\n                                                \r\n                                                                                            <\/div>\r\n                                        <\/div>\r\n                                                                                                <\/div>\r\n                        <\/div>\r\n                                                                    <div class=\"swiper-slide\">\r\n                                                    <div class=\"slide-inner\" data-swiper-parallax=\"79%\">\r\n                            \r\n                                                                    <div class=\"ms-slider--img\">\r\n                                        <img decoding=\"async\" src=\"https:\/\/villacreativa.com\/wp-content\/uploads\/2026\/02\/image-gen-45.png\" title=\"image-gen (45)\" alt=\"image-gen (45)\" loading=\"lazy\" \/>                                    <\/div>\r\n                                                                \r\n                                \r\n                                                                                                                                            <div class=\"ms-slider--cont\" data-swiper-parallax=\"59%\">\r\n                                            <div class=\"ms-cont__inner\">\r\n\r\n                                                                                                    <h3 class=\"ms-sc--st\">NA\u0160 NA\u010cIN<\/h3>\r\n                                                \r\n                                                                                                    <h1 class=\"ms-sc--t\">STRATEGIJA<\/h1>\r\n                                                                                                \r\n                                                                                                    <p class=\"ms-sc--desc\">PREDEN SPREGOVORIMO, POSLU\u0160AMO.\n<br>\nPREDEN OBLIKUJEMO, RAZSTAVIMO.\n<br>\nPREDEN PREPRI\u010cAMO, RAZUMEMO.<\/p>\r\n                                                \r\n                                                                                            <\/div>\r\n                                        <\/div>\r\n                                                                                                <\/div>\r\n                        <\/div>\r\n                                    <\/div>\r\n                                    <div class=\"ms-slider--nav nav-size--lg\">\r\n                        <div class=\"ms-nav--next\">\r\n                            <svg class=\"i-arrow\" viewBox=\"0 0 17 12\">\r\n                                <path d=\"M1,6h14\"><\/path>\r\n                                <path d=\"M12,1l4,5\"><\/path>\r\n                                <path d=\"M12,11l4-5\"><\/path>\r\n                            <\/svg>\r\n                        <\/div>\r\n                        <div class=\"ms-nav--prev\">\r\n                            <svg class=\"i-arrow\" viewBox=\"0 0 17 12\">\r\n                                <path d=\"M1,6h14\"><\/path>\r\n                                <path d=\"M12,1l4,5\"><\/path>\r\n                                <path d=\"M12,11l4-5\"><\/path>\r\n                            <\/svg>\r\n                        <\/div>\r\n                    <\/div>\r\n                                                    <div class=\"ms-slider--progress center\">\r\n                        <div class=\"ms-slider--count\"><\/div>\r\n                        <div class=\"ms-slider--pagination swiper-pagination\"><\/div>\r\n                        <div class=\"ms-slider--count__total\"><\/div>\r\n                    <\/div>\r\n                            <\/div>\r\n        <\/div>\r\n\t\t\t\t\t\t<\/div>\n\t\t\t\t<\/div>\n\t\t\t\t\t<\/div>\n\t\t<\/div>\n\t\t\t\t\t<\/div>\n\t\t<\/section>\n\t\t\t\t<\/div>\n\t\t","protected":false},"excerpt":{"rendered":"<p>NA\u0160A STRAST oblikovanje KO IDEJA ZADRHTI, SVET NAJPREJ IZGUBI RAVNOTE\u017dJE. NA\u0160E POSLANSTVO OGLA\u0160EVANJE NAJBOLJ NEVARNE SO STVARI, KI DELUJEJO. NA\u0160 NA\u010cIN STRATEGIJA PREDEN SPREGOVORIMO, [&hellip;]<\/p>\n","protected":false},"author":1,"featured_media":0,"parent":0,"menu_order":0,"comment_status":"closed","ping_status":"closed","template":"page-no-footer.php","meta":{"_acf_changed":false,"footnotes":""},"class_list":["post-782","page","type-page","status-publish","hentry"],"acf":{"full_width":true,"header_transparent":true,"header_white":true},"_links":{"self":[{"href":"https:\/\/villacreativa.com\/index.php?rest_route=\/wp\/v2\/pages\/782","targetHints":{"allow":["GET"]}}],"collection":[{"href":"https:\/\/villacreativa.com\/index.php?rest_route=\/wp\/v2\/pages"}],"about":[{"href":"https:\/\/villacreativa.com\/index.php?rest_route=\/wp\/v2\/types\/page"}],"author":[{"embeddable":true,"href":"https:\/\/villacreativa.com\/index.php?rest_route=\/wp\/v2\/users\/1"}],"replies":[{"embeddable":true,"href":"https:\/\/villacreativa.com\/index.php?rest_route=%2Fwp%2Fv2%2Fcomments&post=782"}],"version-history":[{"count":158,"href":"https:\/\/villacreativa.com\/index.php?rest_route=\/wp\/v2\/pages\/782\/revisions"}],"predecessor-version":[{"id":3774,"href":"https:\/\/villacreativa.com\/index.php?rest_route=\/wp\/v2\/pages\/782\/revisions\/3774"}],"wp:attachment":[{"href":"https:\/\/villacreativa.com\/index.php?rest_route=%2Fwp%2Fv2%2Fmedia&parent=782"}],"curies":[{"name":"wp","href":"https:\/\/api.w.org\/{rel}","templated":true}]}}